{"id":236675,"date":"2024-10-30T17:56:13","date_gmt":"2024-10-30T15:56:13","guid":{"rendered":"http:\/\/mascassport.com\/prodotto\/mizuno-wave-select-nine-mid\/"},"modified":"2024-10-30T17:56:13","modified_gmt":"2024-10-30T15:56:13","slug":"mizuno-wave-select-nine-mid","status":"publish","type":"product","link":"https:\/\/mascassport.com\/?product=mizuno-wave-select-nine-mid","title":{"rendered":"MIZUNO WAVE SELECT NINE MID"},"content":{"rendered":"<p>\n  Colore: Nero\n<\/p>\n<p>\n  Chiusura: Stringata\n<\/p>\n<p>\n  &nbsp;\n<\/p>\n<p>\n  Caratteristiche:\n<\/p>\n<p>\n  &#8211; tecnologia Mizuno Wave\u00ae che riduce la pressione disperdendo l&#8217;energia dell&#8217;impatto<br \/>\n  in un&#8217;area pi\u00f9 ampia, aggiunge comfort e stabilit\u00e0\n<\/p>\n<p>\n  &#8211; suola in TPU, progettata per versatilit\u00e0 e uso multi-sport, che garantisce maggiore<br \/>\n  comfort e durata\n<\/p>\n<p>\n  &#8211; tomaia in pelle sintetica per il massimo comfort\n<\/p>\n<p>\n  &nbsp;<\/p>\n","protected":false},"excerpt":{"rendered":"<p>Colore: Nero Chiusura: Stringata &nbsp; Caratteristiche: &#8211; tecnologia Mizuno Wave\u00ae che riduce la pressione disperdendo l&#8217;energia dell&#8217;impatto in un&#8217;area pi\u00f9 ampia, aggiunge comfort e stabilit\u00e0 &#8211; suola in TPU, progettata per versatilit\u00e0 e uso multi-sport, che garantisce maggiore comfort e durata &#8211; tomaia in pelle sintetica per il massimo comfort &nbsp;<\/p>\n","protected":false},"featured_media":236058,"comment_status":"","ping_status":"closed","template":"","meta":[],"product_brand":[],"product_cat":[15897,15898,15899],"product_tag":[],"class_list":{"0":"post-236675","1":"product","2":"type-product","3":"status-publish","4":"has-post-thumbnail","6":"product_cat-baseball-2","7":"product_cat-scarpini-baseball-baseball-2","8":"product_cat-tacchetti-gomma-scarpini-baseball-baseball-2","10":"first","11":"instock","12":"shipping-taxable","13":"purchasable","14":"product-type-variable"},"_links":{"self":[{"href":"https:\/\/mascassport.com\/index.php?rest_route=\/wp\/v2\/product\/236675","targetHints":{"allow":["GET"]}}],"collection":[{"href":"https:\/\/mascassport.com\/index.php?rest_route=\/wp\/v2\/product"}],"about":[{"href":"https:\/\/mascassport.com\/index.php?rest_route=\/wp\/v2\/types\/product"}],"replies":[{"embeddable":true,"href":"https:\/\/mascassport.com\/index.php?rest_route=%2Fwp%2Fv2%2Fcomments&post=236675"}],"wp:featuredmedia":[{"embeddable":true,"href":"https:\/\/mascassport.com\/index.php?rest_route=\/wp\/v2\/media\/236058"}],"wp:attachment":[{"href":"https:\/\/mascassport.com\/index.php?rest_route=%2Fwp%2Fv2%2Fmedia&parent=236675"}],"wp:term":[{"taxonomy":"product_brand","embeddable":true,"href":"https:\/\/mascassport.com\/index.php?rest_route=%2Fwp%2Fv2%2Fproduct_brand&post=236675"},{"taxonomy":"product_cat","embeddable":true,"href":"https:\/\/mascassport.com\/index.php?rest_route=%2Fwp%2Fv2%2Fproduct_cat&post=236675"},{"taxonomy":"product_tag","embeddable":true,"href":"https:\/\/mascassport.com\/index.php?rest_route=%2Fwp%2Fv2%2Fproduct_tag&post=236675"}],"curies":[{"name":"wp","href":"https:\/\/api.w.org\/{rel}","templated":true}]}}