{"id":236667,"date":"2024-10-30T17:55:01","date_gmt":"2024-10-30T15:55:01","guid":{"rendered":"http:\/\/mascassport.com\/prodotto\/mizuno-thunder-blade-z-mid\/"},"modified":"2026-03-25T19:27:44","modified_gmt":"2026-03-25T17:27:44","slug":"mizuno-thunder-blade-z-mid","status":"publish","type":"product","link":"https:\/\/mascassport.com\/?product=mizuno-thunder-blade-z-mid","title":{"rendered":"MIZUNO THUNDER BLADE Z MID"},"content":{"rendered":"<p>\n  <span lang=\"EN-US\">Colore:Viola<\/span>\n<\/p>\n<p>\n  Materiale esterno: Sintetico\n<\/p>\n<p>\n  Fodera: Sintetico\n<\/p>\n<p>\n  Materiale suola: Gomma\n<\/p>\n<p>\n  Chiusura: Stringata\n<\/p>\n<p>\n  &nbsp;\n<\/p>\n<p>\n  La Mizuno Thunder Blade \u00e8 completamente nuova nella famiglia Mizuno. La Mizuno Thunder<br \/>\n  Blade sfida la gravit\u00e0. Un design flessibile e confortevole. L&#8217;intersuola Mizuno<br \/>\n  offre sia stabilit\u00e0 che grip mentre la mesh sulla tomaia offre maggiore ventilazione<br \/>\n  per mantenere i piedi pi\u00f9 freschi.\n<\/p>\n<p>\n  &nbsp;\n<\/p>\n<p>\n  Caratteristiche tecniche:\n<\/p>\n<p>\n  AIRmesh: permette ad ogni scarpa di mantenere un elevato livello di traspirabilit\u00e0<br \/>\n  per tutta la vita della scarpa e permette al piede di rimanere fresco.\n<\/p>\n<p>\n  Dynamotion Groove: la suola Dynamotion Groove potenzia la stabilit\u00e0 e il controllo<br \/>\n  dei movimenti laterali.\n<\/p>\n<p>\n  Removable insock: soletta anatomica modellata, confortevole e ammortizzata\n<\/p>\n<p>\n  &nbsp;<\/p>\n","protected":false},"excerpt":{"rendered":"<p>Colore:Viola Materiale esterno: Sintetico Fodera: Sintetico Materiale suola: Gomma Chiusura: Stringata &nbsp; La Mizuno Thunder Blade \u00e8 completamente nuova nella famiglia Mizuno. La Mizuno Thunder Blade sfida la gravit\u00e0. Un design flessibile e confortevole. L&#8217;intersuola Mizuno offre sia stabilit\u00e0 che grip mentre la mesh sulla tomaia offre maggiore ventilazione per mantenere i piedi pi\u00f9 freschi. [&hellip;]<\/p>\n","protected":false},"featured_media":236041,"comment_status":"closed","ping_status":"closed","template":"","meta":[],"product_brand":[],"product_cat":[16054,16053,16049],"product_tag":[],"class_list":{"0":"post-236667","1":"product","2":"type-product","3":"status-publish","4":"has-post-thumbnail","6":"product_cat-alta-scarpa-volley-donna-volley-2","7":"product_cat-scarpa-volley-donna-volley-2","8":"product_cat-volley-2","10":"first","11":"instock","12":"shipping-taxable","13":"purchasable","14":"product-type-variable"},"_links":{"self":[{"href":"https:\/\/mascassport.com\/index.php?rest_route=\/wp\/v2\/product\/236667","targetHints":{"allow":["GET"]}}],"collection":[{"href":"https:\/\/mascassport.com\/index.php?rest_route=\/wp\/v2\/product"}],"about":[{"href":"https:\/\/mascassport.com\/index.php?rest_route=\/wp\/v2\/types\/product"}],"replies":[{"embeddable":true,"href":"https:\/\/mascassport.com\/index.php?rest_route=%2Fwp%2Fv2%2Fcomments&post=236667"}],"wp:featuredmedia":[{"embeddable":true,"href":"https:\/\/mascassport.com\/index.php?rest_route=\/wp\/v2\/media\/236041"}],"wp:attachment":[{"href":"https:\/\/mascassport.com\/index.php?rest_route=%2Fwp%2Fv2%2Fmedia&parent=236667"}],"wp:term":[{"taxonomy":"product_brand","embeddable":true,"href":"https:\/\/mascassport.com\/index.php?rest_route=%2Fwp%2Fv2%2Fproduct_brand&post=236667"},{"taxonomy":"product_cat","embeddable":true,"href":"https:\/\/mascassport.com\/index.php?rest_route=%2Fwp%2Fv2%2Fproduct_cat&post=236667"},{"taxonomy":"product_tag","embeddable":true,"href":"https:\/\/mascassport.com\/index.php?rest_route=%2Fwp%2Fv2%2Fproduct_tag&post=236667"}],"curies":[{"name":"wp","href":"https:\/\/api.w.org\/{rel}","templated":true}]}}