{"id":236621,"date":"2024-10-30T17:52:46","date_gmt":"2024-10-30T15:52:46","guid":{"rendered":"http:\/\/mascassport.com\/prodotto\/mc-david-carpal-tunnel-wrist-support\/"},"modified":"2024-10-30T17:52:46","modified_gmt":"2024-10-30T15:52:46","slug":"mc-david-carpal-tunnel-wrist-support","status":"publish","type":"product","link":"https:\/\/mascassport.com\/?product=mc-david-carpal-tunnel-wrist-support","title":{"rendered":"MC DAVID CARPAL TUNNEL WRIST SUPPORT"},"content":{"rendered":"<p>\n  Colore: Black\n<\/p>\n<p>\n  Materiale esterno: Neoprene, Nylon, Elastan\n<\/p>\n<p>\n  &nbsp;\n<\/p>\n<p>\n  &nbsp;\n<\/p>\n<p>\n  Caratteristiche:\n<\/p>\n<p>\n  &#8211; stecca di qualit\u00e0 medica che aggiunge ulteriore supporto e stabilit\u00e0\n<\/p>\n<p>\n  &#8211; chiusure a strappo per vestibilit\u00e0 e comfort personalizzati\n<\/p>\n<p>\n  &#8211; ideale per il re-work back-to-work e il gioco\n<\/p>\n<p>\n  &#8211; modello da scegliere tra il polso destro e il sinistro\n<\/p>\n<p>\n  &nbsp;<\/p>\n","protected":false},"excerpt":{"rendered":"<p>Colore: Black Materiale esterno: Neoprene, Nylon, Elastan &nbsp; &nbsp; Caratteristiche: &#8211; stecca di qualit\u00e0 medica che aggiunge ulteriore supporto e stabilit\u00e0 &#8211; chiusure a strappo per vestibilit\u00e0 e comfort personalizzati &#8211; ideale per il re-work back-to-work e il gioco &#8211; modello da scegliere tra il polso destro e il sinistro &nbsp;<\/p>\n","protected":false},"featured_media":235963,"comment_status":"","ping_status":"closed","template":"","meta":[],"product_brand":[],"product_cat":[15874,16079,16239],"product_tag":[],"class_list":{"0":"post-236621","1":"product","2":"type-product","3":"status-publish","4":"has-post-thumbnail","6":"product_cat-altro","7":"product_cat-medicina-dello-sport","8":"product_cat-protezioni-supporti-medicina-dello-sport","10":"first","11":"instock","12":"shipping-taxable","13":"purchasable","14":"product-type-variable"},"_links":{"self":[{"href":"https:\/\/mascassport.com\/index.php?rest_route=\/wp\/v2\/product\/236621","targetHints":{"allow":["GET"]}}],"collection":[{"href":"https:\/\/mascassport.com\/index.php?rest_route=\/wp\/v2\/product"}],"about":[{"href":"https:\/\/mascassport.com\/index.php?rest_route=\/wp\/v2\/types\/product"}],"replies":[{"embeddable":true,"href":"https:\/\/mascassport.com\/index.php?rest_route=%2Fwp%2Fv2%2Fcomments&post=236621"}],"wp:featuredmedia":[{"embeddable":true,"href":"https:\/\/mascassport.com\/index.php?rest_route=\/wp\/v2\/media\/235963"}],"wp:attachment":[{"href":"https:\/\/mascassport.com\/index.php?rest_route=%2Fwp%2Fv2%2Fmedia&parent=236621"}],"wp:term":[{"taxonomy":"product_brand","embeddable":true,"href":"https:\/\/mascassport.com\/index.php?rest_route=%2Fwp%2Fv2%2Fproduct_brand&post=236621"},{"taxonomy":"product_cat","embeddable":true,"href":"https:\/\/mascassport.com\/index.php?rest_route=%2Fwp%2Fv2%2Fproduct_cat&post=236621"},{"taxonomy":"product_tag","embeddable":true,"href":"https:\/\/mascassport.com\/index.php?rest_route=%2Fwp%2Fv2%2Fproduct_tag&post=236621"}],"curies":[{"name":"wp","href":"https:\/\/api.w.org\/{rel}","templated":true}]}}