{"id":235930,"date":"2024-10-30T17:37:21","date_gmt":"2024-10-30T15:37:21","guid":{"rendered":"http:\/\/mascassport.com\/prodotto\/errea-sottomaglia-arctica-lupetto-l-s\/"},"modified":"2025-10-18T10:06:24","modified_gmt":"2025-10-18T08:06:24","slug":"errea-sottomaglia-arctica-lupetto-ls","status":"publish","type":"product","link":"https:\/\/mascassport.com\/?product=errea-sottomaglia-arctica-lupetto-ls","title":{"rendered":"ERREA SOTTOMAGLIA ARCTICA LUPETTO L\/S"},"content":{"rendered":"<p>\n  Colore: Red\n<\/p>\n<p>\n  <span>&nbsp;&nbsp;&nbsp;&nbsp;&nbsp;&nbsp;&nbsp;&nbsp;&nbsp;&nbsp;&nbsp;&nbsp;<br \/>\n  <\/span>White\n<\/p>\n<p>\n  Materiale esterno: 60% Poliestere, 33% Poliammide, 7% Elastan\n<\/p>\n<p>\n  &nbsp;\n<\/p>\n<p>\n  &nbsp;\n<\/p>\n<p>\n  Caratteristiche:\n<\/p>\n<p>\n  &#8211; sottomaglia a lupetto con maniche lunghe in tessuto elastico<span>&nbsp;<br \/>\n  <\/span>\n<\/p>\n<p>\n  &#8211; ideale per ogni tipo di sport grazie al tessuto altamente tecnico studiato per<br \/>\n  offrire supporto e protezione in ogni condizione\n<\/p>\n<p>\n  &#8211; progettata studiando le diverse sollecitazioni che ogni tipo di attivit\u00e0 sportiva<br \/>\n  comporta\n<\/p>\n<p>\n  &#8211; tecnologia a maglia tubolare che riduce alminimo le cuciture e offre una grande<br \/>\n  comodit\u00e0 e traspirabilit\u00e0 oltre ad una vestibilit\u00e0 ergonomica con design sportivo\n<\/p>\n<p>\n  &nbsp;\n<\/p>\n<p>\n  Vestibilit\u00e0:\n<\/p>\n<p>\n  S= S\/M\n<\/p>\n<p>\n  L=L\/XL\n<\/p>\n<p>\n  XXL=XXL\n<\/p>\n<p>\n  &nbsp;<\/p>\n","protected":false},"excerpt":{"rendered":"<p>Colore: Red &nbsp;&nbsp;&nbsp;&nbsp;&nbsp;&nbsp;&nbsp;&nbsp;&nbsp;&nbsp;&nbsp;&nbsp; White Materiale esterno: 60% Poliestere, 33% Poliammide, 7% Elastan &nbsp; &nbsp; Caratteristiche: &#8211; sottomaglia a lupetto con maniche lunghe in tessuto elastico&nbsp; &#8211; ideale per ogni tipo di sport grazie al tessuto altamente tecnico studiato per offrire supporto e protezione in ogni condizione &#8211; progettata studiando le diverse sollecitazioni che ogni tipo [&hellip;]<\/p>\n","protected":false},"featured_media":235590,"comment_status":"closed","ping_status":"closed","template":"","meta":[],"product_brand":[],"product_cat":[16166,16168,16167],"product_tag":[],"class_list":{"0":"post-235930","1":"product","2":"type-product","3":"status-publish","4":"has-post-thumbnail","6":"product_cat-abbigliamento-2","7":"product_cat-compression","8":"product_cat-uomo-abbigliamento-2","10":"first","11":"instock","12":"shipping-taxable","13":"purchasable","14":"product-type-variable"},"_links":{"self":[{"href":"https:\/\/mascassport.com\/index.php?rest_route=\/wp\/v2\/product\/235930","targetHints":{"allow":["GET"]}}],"collection":[{"href":"https:\/\/mascassport.com\/index.php?rest_route=\/wp\/v2\/product"}],"about":[{"href":"https:\/\/mascassport.com\/index.php?rest_route=\/wp\/v2\/types\/product"}],"replies":[{"embeddable":true,"href":"https:\/\/mascassport.com\/index.php?rest_route=%2Fwp%2Fv2%2Fcomments&post=235930"}],"wp:featuredmedia":[{"embeddable":true,"href":"https:\/\/mascassport.com\/index.php?rest_route=\/wp\/v2\/media\/235590"}],"wp:attachment":[{"href":"https:\/\/mascassport.com\/index.php?rest_route=%2Fwp%2Fv2%2Fmedia&parent=235930"}],"wp:term":[{"taxonomy":"product_brand","embeddable":true,"href":"https:\/\/mascassport.com\/index.php?rest_route=%2Fwp%2Fv2%2Fproduct_brand&post=235930"},{"taxonomy":"product_cat","embeddable":true,"href":"https:\/\/mascassport.com\/index.php?rest_route=%2Fwp%2Fv2%2Fproduct_cat&post=235930"},{"taxonomy":"product_tag","embeddable":true,"href":"https:\/\/mascassport.com\/index.php?rest_route=%2Fwp%2Fv2%2Fproduct_tag&post=235930"}],"curies":[{"name":"wp","href":"https:\/\/api.w.org\/{rel}","templated":true}]}}