{"id":235903,"date":"2024-10-30T17:36:54","date_gmt":"2024-10-30T15:36:54","guid":{"rendered":"http:\/\/mascassport.com\/prodotto\/errea-rep-contemporary-fw17-18-man-round-neck-sweatshirt\/"},"modified":"2025-08-06T12:57:54","modified_gmt":"2025-08-06T10:57:54","slug":"errea-rep-contemporary-fw1718-man-round-neck-sweatshirt","status":"publish","type":"product","link":"https:\/\/mascassport.com\/?product=errea-rep-contemporary-fw1718-man-round-neck-sweatshirt","title":{"rendered":"ERREA REP. CONTEMPORARY  FW17\/18 MAN ROUND-NECK SWEATSHIRT"},"content":{"rendered":"<p>\n  Colore: Grey\n<\/p>\n<p>\n  Materiale esterno: 95% Cotton, 5% Elastan\n<\/p>\n<p>\n  &nbsp;\n<\/p>\n<p>\n  &nbsp;\n<\/p>\n<p>\n  Caratteristiche:\n<\/p>\n<p>\n  &#8211; felpa da uomo a girocollo caratterizzata dalla particolare costruzione sulle spalle<br \/>\n  che garantisce una maggiore libert\u00e0 di movimento\n<\/p>\n<p>\n  &#8211; polsini e fascia elasticizzata in vita che garantiscono una vestibilit\u00e0 sicura\n<\/p>\n<p>\n  &#8211;<span>&nbsp; <\/span>realizzata in tessuto caldo per un&rsquo;ottima<br \/>\n  tenuta del calore\n<\/p>\n<p>\n  <span>&nbsp;<\/span>&#8211; logo Erre\u00e0 e scritta RPLC realizzate<br \/>\n  con lavorazione embossed in rilievo\n<\/p>\n<p>\n  &nbsp;<\/p>\n","protected":false},"excerpt":{"rendered":"<p>Colore: Grey Materiale esterno: 95% Cotton, 5% Elastan &nbsp; &nbsp; Caratteristiche: &#8211; felpa da uomo a girocollo caratterizzata dalla particolare costruzione sulle spalle che garantisce una maggiore libert\u00e0 di movimento &#8211; polsini e fascia elasticizzata in vita che garantiscono una vestibilit\u00e0 sicura &#8211;&nbsp; realizzata in tessuto caldo per un&rsquo;ottima tenuta del calore &nbsp;&#8211; logo Erre\u00e0 [&hellip;]<\/p>\n","protected":false},"featured_media":235571,"comment_status":"closed","ping_status":"closed","template":"","meta":[],"product_brand":[],"product_cat":[16166,16172,16167],"product_tag":[],"class_list":{"0":"post-235903","1":"product","2":"type-product","3":"status-publish","4":"has-post-thumbnail","6":"product_cat-abbigliamento-2","7":"product_cat-felpa-uomo-abbigliamento-2","8":"product_cat-uomo-abbigliamento-2","10":"first","11":"instock","12":"shipping-taxable","13":"purchasable","14":"product-type-variable"},"_links":{"self":[{"href":"https:\/\/mascassport.com\/index.php?rest_route=\/wp\/v2\/product\/235903","targetHints":{"allow":["GET"]}}],"collection":[{"href":"https:\/\/mascassport.com\/index.php?rest_route=\/wp\/v2\/product"}],"about":[{"href":"https:\/\/mascassport.com\/index.php?rest_route=\/wp\/v2\/types\/product"}],"replies":[{"embeddable":true,"href":"https:\/\/mascassport.com\/index.php?rest_route=%2Fwp%2Fv2%2Fcomments&post=235903"}],"wp:featuredmedia":[{"embeddable":true,"href":"https:\/\/mascassport.com\/index.php?rest_route=\/wp\/v2\/media\/235571"}],"wp:attachment":[{"href":"https:\/\/mascassport.com\/index.php?rest_route=%2Fwp%2Fv2%2Fmedia&parent=235903"}],"wp:term":[{"taxonomy":"product_brand","embeddable":true,"href":"https:\/\/mascassport.com\/index.php?rest_route=%2Fwp%2Fv2%2Fproduct_brand&post=235903"},{"taxonomy":"product_cat","embeddable":true,"href":"https:\/\/mascassport.com\/index.php?rest_route=%2Fwp%2Fv2%2Fproduct_cat&post=235903"},{"taxonomy":"product_tag","embeddable":true,"href":"https:\/\/mascassport.com\/index.php?rest_route=%2Fwp%2Fv2%2Fproduct_tag&post=235903"}],"curies":[{"name":"wp","href":"https:\/\/api.w.org\/{rel}","templated":true}]}}