{"id":235842,"date":"2024-10-30T17:35:45","date_gmt":"2024-10-30T15:35:45","guid":{"rendered":"http:\/\/mascassport.com\/prodotto\/errea-k-way-basic\/"},"modified":"2026-02-10T13:15:00","modified_gmt":"2026-02-10T11:15:00","slug":"errea-k-way-basic","status":"publish","type":"product","link":"https:\/\/mascassport.com\/?product=errea-k-way-basic","title":{"rendered":"ERREA K-WAY BASIC"},"content":{"rendered":"<p>\n  <span lang=\"EN-US\">Colore: Black<\/span>\n<\/p>\n<p>\n  <span lang=\"EN-US\"><span>&nbsp;&nbsp;&nbsp;&nbsp;&nbsp;&nbsp;&nbsp;&nbsp;&nbsp;&nbsp;&nbsp;&nbsp;&nbsp;<br \/>\n  <\/span>Navy<\/span>\n<\/p>\n<p>\n  <span lang=\"EN-US\"><span>&nbsp;&nbsp;&nbsp;&nbsp;&nbsp;&nbsp;&nbsp;&nbsp;&nbsp;&nbsp;&nbsp;&nbsp;<br \/>\n  <\/span><span>&nbsp;<\/span>Red<\/span>\n<\/p>\n<p>\n  <span lang=\"EN-US\"><span>&nbsp;&nbsp;&nbsp;&nbsp;&nbsp;&nbsp;&nbsp;&nbsp;&nbsp;&nbsp;&nbsp;&nbsp;&nbsp;<br \/>\n  <\/span>Royal<\/span>\n<\/p>\n<p>\n  <span lang=\"EN-US\">Materiale esterno: 100% Poliestere<\/span>\n<\/p>\n<p>\n  <span lang=\"EN-US\">&nbsp;<\/span>\n<\/p>\n<p>\n  Caratteristiche:\n<\/p>\n<p>\n  &#8211; prodotto multiuso: pu\u00f2 essere utilizzato durante le sessioni di allenamento pi\u00f9<br \/>\n  intense, quelle che non possono essere fermate nemmeno dalla pioggia, oppure si<br \/>\n  pu\u00f2 usare nel tempo libero per ripararsi dall&#8221;acqua\n<\/p>\n<p>\n  &nbsp;<\/p>\n","protected":false},"excerpt":{"rendered":"<p>Colore: Black &nbsp;&nbsp;&nbsp;&nbsp;&nbsp;&nbsp;&nbsp;&nbsp;&nbsp;&nbsp;&nbsp;&nbsp;&nbsp; Navy &nbsp;&nbsp;&nbsp;&nbsp;&nbsp;&nbsp;&nbsp;&nbsp;&nbsp;&nbsp;&nbsp;&nbsp; &nbsp;Red &nbsp;&nbsp;&nbsp;&nbsp;&nbsp;&nbsp;&nbsp;&nbsp;&nbsp;&nbsp;&nbsp;&nbsp;&nbsp; Royal Materiale esterno: 100% Poliestere &nbsp; Caratteristiche: &#8211; prodotto multiuso: pu\u00f2 essere utilizzato durante le sessioni di allenamento pi\u00f9 intense, quelle che non possono essere fermate nemmeno dalla pioggia, oppure si pu\u00f2 usare nel tempo libero per ripararsi dall&#8221;acqua &nbsp;<\/p>\n","protected":false},"featured_media":235536,"comment_status":"closed","ping_status":"closed","template":"","meta":[],"product_brand":[],"product_cat":[15875,15876,15874],"product_tag":[],"class_list":{"0":"post-235842","1":"product","2":"type-product","3":"status-publish","4":"has-post-thumbnail","6":"product_cat-accessori","7":"product_cat-allenamento","8":"product_cat-altro","10":"first","11":"instock","12":"shipping-taxable","13":"purchasable","14":"product-type-variable"},"_links":{"self":[{"href":"https:\/\/mascassport.com\/index.php?rest_route=\/wp\/v2\/product\/235842","targetHints":{"allow":["GET"]}}],"collection":[{"href":"https:\/\/mascassport.com\/index.php?rest_route=\/wp\/v2\/product"}],"about":[{"href":"https:\/\/mascassport.com\/index.php?rest_route=\/wp\/v2\/types\/product"}],"replies":[{"embeddable":true,"href":"https:\/\/mascassport.com\/index.php?rest_route=%2Fwp%2Fv2%2Fcomments&post=235842"}],"wp:featuredmedia":[{"embeddable":true,"href":"https:\/\/mascassport.com\/index.php?rest_route=\/wp\/v2\/media\/235536"}],"wp:attachment":[{"href":"https:\/\/mascassport.com\/index.php?rest_route=%2Fwp%2Fv2%2Fmedia&parent=235842"}],"wp:term":[{"taxonomy":"product_brand","embeddable":true,"href":"https:\/\/mascassport.com\/index.php?rest_route=%2Fwp%2Fv2%2Fproduct_brand&post=235842"},{"taxonomy":"product_cat","embeddable":true,"href":"https:\/\/mascassport.com\/index.php?rest_route=%2Fwp%2Fv2%2Fproduct_cat&post=235842"},{"taxonomy":"product_tag","embeddable":true,"href":"https:\/\/mascassport.com\/index.php?rest_route=%2Fwp%2Fv2%2Fproduct_tag&post=235842"}],"curies":[{"name":"wp","href":"https:\/\/api.w.org\/{rel}","templated":true}]}}