{"id":235633,"date":"2024-10-30T17:31:47","date_gmt":"2024-10-30T15:31:47","guid":{"rendered":"http:\/\/mascassport.com\/prodotto\/canterbury-uglies-fleece-pant-womens\/"},"modified":"2024-10-30T17:31:47","modified_gmt":"2024-10-30T15:31:47","slug":"canterbury-uglies-fleece-pant-womens","status":"publish","type":"product","link":"https:\/\/mascassport.com\/?product=canterbury-uglies-fleece-pant-womens","title":{"rendered":"CANTERBURY UGLIES FLEECE PANT WOMENS"},"content":{"rendered":"<p>\n  Colore: Black\n<\/p>\n<p>\n  Materiale esterno: 60% Cotton, 40% Poliestere\n<\/p>\n<p>\n  &nbsp;\n<\/p>\n<p>\n  &nbsp;\n<\/p>\n<p>\n  Caratteristiche:\n<\/p>\n<p>\n  &#8211; cintura elastica piatta per un maggiore comfort\n<\/p>\n<p>\n  &#8211; cordoncino interno a contrasto per una vestibilit\u00e0 pi\u00f9 sicura intorno alla vita\n<\/p>\n<p>\n  &#8211; orlo aperto per una vestibilit\u00e0 personale e perfetta\n<\/p>\n<p>\n  &#8211; tassello a basso attrito tra le gambe che riduce l&#8217;irritazione in un&#8217;area ad alta<br \/>\n  usura, lasciando a proprio agio pi\u00f9 a lungo\n<\/p>\n<p>\n  &#8211; logo CCC ricamato sulla coscia destra\n<\/p>\n<p>\n  &#8211; ideale per l&#8217;abbigliamento casual, per il riscaldamento pre-partita e per allenarsi<br \/>\n  in palestra\n<\/p>\n<p>\n  &nbsp;\n<\/p>\n<p>\n  Vestibilit\u00e0:\n<\/p>\n<p>\n  XS=UK 8\n<\/p>\n<p>\n  S=UK 10\n<\/p>\n<p>\n  M=UK 12\n<\/p>\n<p>\n  L=UK 14\n<\/p>\n<p>\n  XL=UK 16\n<\/p>\n<p>\n  &nbsp;\n<\/p>\n<p>\n  &nbsp;<\/p>\n","protected":false},"excerpt":{"rendered":"<p>Colore: Black Materiale esterno: 60% Cotton, 40% Poliestere &nbsp; &nbsp; Caratteristiche: &#8211; cintura elastica piatta per un maggiore comfort &#8211; cordoncino interno a contrasto per una vestibilit\u00e0 pi\u00f9 sicura intorno alla vita &#8211; orlo aperto per una vestibilit\u00e0 personale e perfetta &#8211; tassello a basso attrito tra le gambe che riduce l&#8217;irritazione in un&#8217;area ad [&hellip;]<\/p>\n","protected":false},"featured_media":235360,"comment_status":"","ping_status":"closed","template":"","meta":[],"product_brand":[],"product_cat":[16166,16193,16194],"product_tag":[],"class_list":{"0":"post-235633","1":"product","2":"type-product","3":"status-publish","4":"has-post-thumbnail","6":"product_cat-abbigliamento-2","7":"product_cat-donna-abbigliamento-2","8":"product_cat-pantalone","10":"first","11":"instock","12":"shipping-taxable","13":"purchasable","14":"product-type-variable"},"_links":{"self":[{"href":"https:\/\/mascassport.com\/index.php?rest_route=\/wp\/v2\/product\/235633","targetHints":{"allow":["GET"]}}],"collection":[{"href":"https:\/\/mascassport.com\/index.php?rest_route=\/wp\/v2\/product"}],"about":[{"href":"https:\/\/mascassport.com\/index.php?rest_route=\/wp\/v2\/types\/product"}],"replies":[{"embeddable":true,"href":"https:\/\/mascassport.com\/index.php?rest_route=%2Fwp%2Fv2%2Fcomments&post=235633"}],"wp:featuredmedia":[{"embeddable":true,"href":"https:\/\/mascassport.com\/index.php?rest_route=\/wp\/v2\/media\/235360"}],"wp:attachment":[{"href":"https:\/\/mascassport.com\/index.php?rest_route=%2Fwp%2Fv2%2Fmedia&parent=235633"}],"wp:term":[{"taxonomy":"product_brand","embeddable":true,"href":"https:\/\/mascassport.com\/index.php?rest_route=%2Fwp%2Fv2%2Fproduct_brand&post=235633"},{"taxonomy":"product_cat","embeddable":true,"href":"https:\/\/mascassport.com\/index.php?rest_route=%2Fwp%2Fv2%2Fproduct_cat&post=235633"},{"taxonomy":"product_tag","embeddable":true,"href":"https:\/\/mascassport.com\/index.php?rest_route=%2Fwp%2Fv2%2Fproduct_tag&post=235633"}],"curies":[{"name":"wp","href":"https:\/\/api.w.org\/{rel}","templated":true}]}}