{"id":235384,"date":"2024-10-30T17:26:36","date_gmt":"2024-10-30T15:26:36","guid":{"rendered":"http:\/\/mascassport.com\/prodotto\/akuna-cinquestelle-elevation-pn\/"},"modified":"2026-03-25T19:23:12","modified_gmt":"2026-03-25T17:23:12","slug":"akuna-cinquestelle-elevation-pn","status":"publish","type":"product","link":"https:\/\/mascassport.com\/?product=akuna-cinquestelle-elevation-pn","title":{"rendered":"AKUNA CINQUESTELLE ELEVATION PN"},"content":{"rendered":"<p>\n  Colore: Nero\n<\/p>\n<p>\n  Materiale esterno: Pelle di vitello\n<\/p>\n<p>\n  Fodera: Tessuto\n<\/p>\n<p>\n  Materiale suola: Gomma\n<\/p>\n<p>\n  Chiusura: Stringata\n<\/p>\n<p>\n  &nbsp;\n<\/p>\n<p>\n  <span>&nbsp;<\/span>Le scarpe da calcio Cinque Stelle sono<br \/>\n  modelli unici realizzati a mano da calzolai esperti ascolani. I pellami pregiati<br \/>\n  utilizzati sono soffici ma tenaci, resistenti all&#8217;abrasione e alla penetrazione<br \/>\n  d&#8217;acqua.\n<\/p>\n<p>\n  L&#8217;azienda italiana di Ascoli, attiva dal 1911, per creare queste scarpe impiega<br \/>\n  materiali e lavorazione di alta qualit\u00e0.. Inoltre, l&#8217;attenzione \u00e8 rivolta alla comodit\u00e0,,<br \/>\n  alla praticit\u00e0 e allo stesso tempo al consumo energetico ridotto durante il gioco.\n<\/p>\n<p>\n  &nbsp;\n<\/p>\n<p>\n  Tomaia intera in pelle di vitello PAUL\n<\/p>\n<p>\n  Colletto in microfibra\n<\/p>\n<p>\n  Intersuola in pelle di vitello sagomata sull&rsquo;arco plantare\n<\/p>\n<p>\n  Sottopiede anatomico estraibile rivestito in cambrelle\n<\/p>\n<p>\n  Suola PN interamente cucita alla tomaia. 12 Tacchetti fissi, per campi duri, asciutti<br \/>\n  in erba.\n<\/p>\n<p>\n  &nbsp;<\/p>\n","protected":false},"excerpt":{"rendered":"<p>Colore: Nero Materiale esterno: Pelle di vitello Fodera: Tessuto Materiale suola: Gomma Chiusura: Stringata &nbsp; &nbsp;Le scarpe da calcio Cinque Stelle sono modelli unici realizzati a mano da calzolai esperti ascolani. I pellami pregiati utilizzati sono soffici ma tenaci, resistenti all&#8217;abrasione e alla penetrazione d&#8217;acqua. L&#8217;azienda italiana di Ascoli, attiva dal 1911, per creare queste [&hellip;]<\/p>\n","protected":false},"featured_media":235256,"comment_status":"closed","ping_status":"closed","template":"","meta":[],"product_brand":[],"product_cat":[15885,15966,15967],"product_tag":[],"class_list":{"0":"post-235384","1":"product","2":"type-product","3":"status-publish","4":"has-post-thumbnail","6":"product_cat-calcio","7":"product_cat-scarpini-calcio","8":"product_cat-tacchetti-fissi-scarpini-calcio","10":"first","11":"instock","12":"featured","13":"shipping-taxable","14":"purchasable","15":"product-type-variable"},"_links":{"self":[{"href":"https:\/\/mascassport.com\/index.php?rest_route=\/wp\/v2\/product\/235384","targetHints":{"allow":["GET"]}}],"collection":[{"href":"https:\/\/mascassport.com\/index.php?rest_route=\/wp\/v2\/product"}],"about":[{"href":"https:\/\/mascassport.com\/index.php?rest_route=\/wp\/v2\/types\/product"}],"replies":[{"embeddable":true,"href":"https:\/\/mascassport.com\/index.php?rest_route=%2Fwp%2Fv2%2Fcomments&post=235384"}],"wp:featuredmedia":[{"embeddable":true,"href":"https:\/\/mascassport.com\/index.php?rest_route=\/wp\/v2\/media\/235256"}],"wp:attachment":[{"href":"https:\/\/mascassport.com\/index.php?rest_route=%2Fwp%2Fv2%2Fmedia&parent=235384"}],"wp:term":[{"taxonomy":"product_brand","embeddable":true,"href":"https:\/\/mascassport.com\/index.php?rest_route=%2Fwp%2Fv2%2Fproduct_brand&post=235384"},{"taxonomy":"product_cat","embeddable":true,"href":"https:\/\/mascassport.com\/index.php?rest_route=%2Fwp%2Fv2%2Fproduct_cat&post=235384"},{"taxonomy":"product_tag","embeddable":true,"href":"https:\/\/mascassport.com\/index.php?rest_route=%2Fwp%2Fv2%2Fproduct_tag&post=235384"}],"curies":[{"name":"wp","href":"https:\/\/api.w.org\/{rel}","templated":true}]}}