{"id":34719,"date":"2022-12-10T07:26:19","date_gmt":"2022-12-10T07:26:19","guid":{"rendered":"http:\/\/mascassport.com\/?page_id=34719"},"modified":"2022-12-10T07:26:19","modified_gmt":"2022-12-10T07:26:19","slug":"diritto-di-recesso","status":"publish","type":"page","link":"https:\/\/mascassport.com\/?page_id=34719","title":{"rendered":"Diritto di recesso"},"content":{"rendered":"\n<p>Le vendite di prodotti via Internet sono disciplinate negli articoli da 50 a 68 (&#8220;contratti a distanza&#8221;) del <a href=\"http:\/\/www.camera.it\/parlam\/leggi\/deleghe\/testi\/05206dl.htm\"><em>D.Lgs 206\/2005<\/em><\/a> (Codice del Consumo). Tale normativa prevede a favore del consumatore il diritto di recedere dai contratti o dalle proposte contrattuali, garantendogli il diritto di restituire il prodotto acquistato e di ottenere il rimborso della spesa sostenuta.<\/p>\n\n\n\n<p>Il diritto di recesso non pu\u00f2 essere esercitato qualora il prodotto non sia integro, ovvero:<\/p>\n\n\n\n<ul class=\"wp-block-list\">\n<li>in assenza di elementi integranti del prodotto;<\/li>\n\n\n\n<li>per danneggiamento del prodotto.<\/li>\n<\/ul>\n\n\n\n<p>Il diritto di recesso \u00e8 riservato esclusivamente ai consumatori (persone fisiche che acquistano i beni non per scopi legati alla propria attivit\u00e0 professionale, commerciale o imprenditoriale), quindi non pu\u00f2 essere esercitato dalle persone giuridiche e dalle persone fisiche che agiscono per scopi riferibili all&#8217;attivit\u00e0 professionale eventualmente svolta.<\/p>\n\n\n\n<p>Le spese di restituzione del prodotto sono a carico del Cliente.<\/p>\n\n\n\n<p><strong>Modalit\u00e0 e tempi per l&#8217;esercizio del diritto di recesso<\/strong><\/p>\n\n\n\n<p>Per esercitare il diritto di recesso \u00e8 necessario comunicare a MS SPORT, entro 10 giorni lavorativi dal ricevimento della merce, la volont\u00e0 di recedere dal contratto con le seguenti modalit\u00e0:<\/p>\n\n\n\n<ul class=\"wp-block-list\">\n<li>invio di una lettera raccomandata con avviso di ricevimento a: MS SPORT<br>Via Nettunense, 104<br>00042 Anzio (RM)<\/li>\n<\/ul>\n\n\n\n<p>oppure<\/p>\n\n\n\n<ul class=\"wp-block-list\">\n<li>inviando una mail a: <a href=\"\\&quot;mailto:claim@mascassport.com\\&quot;\">claim@mascassport.com<\/a><\/li>\n<\/ul>\n\n\n\n<p>Entro tre giorni lavorativi dalla ricezione delle comunicazione di recesso, MS SPORT invier\u00e0 al Cliente il Numero di Reso che identificher\u00e0 la pratica. Entro 14 giorni lavorativi dal ricevimento del Numero di Reso, il Cliente provveder\u00e0 a spedire a MS SPORT il prodotto accuratamente imballato nella confezione originale e completo di ogni accessorio, dei manuali di istruzione e di tutto quanto in origine contenuto, indicando sull&#8217;imballo il Numero di Reso attribuito da MS SPORT.<\/p>\n\n\n\n<p><strong>Modalit\u00e0 e tempi di rimborso al Cliente del costo del prodotto e delle spese di spedizione<\/strong><\/p>\n\n\n\n<p>MS SPORT provveder\u00e0 al rimborso entro 30 giorni dalla data in cui \u00e8 venuta a conoscenza dell&#8217;esercizio del diritto di recesso da parte del Cliente. Nel caso in cui il prodotto sia gi\u00e0 stato consegnato al Cliente, MS SPORT provveder\u00e0 al rimborso a seguito dell&#8217;avvenuta restituzione del prodotto e della verifica dell&#8217;integrit\u00e0 dello stesso.<\/p>\n\n\n\n<p>Per gli acquisti effettuati mediante pagamento PayPal il rimborso sar\u00e0 eseguito tramite un riaccredito sul conto del Cliente.<\/p>\n","protected":false},"excerpt":{"rendered":"<p>Le vendite di prodotti via Internet sono disciplinate negli articoli da 50 a 68 (&#8220;contratti a distanza&#8221;) del D.Lgs 206\/2005 (Codice del Consumo). Tale normativa prevede a favore del consumatore il diritto di recedere dai contratti o dalle proposte contrattuali, garantendogli il diritto di restituire il prodotto acquistato e di ottenere il rimborso della spesa [&hellip;]<\/p>\n","protected":false},"author":1,"featured_media":0,"parent":0,"menu_order":0,"comment_status":"closed","ping_status":"closed","template":"","meta":{"footnotes":""},"class_list":["post-34719","page","type-page","status-publish","hentry"],"_links":{"self":[{"href":"https:\/\/mascassport.com\/index.php?rest_route=\/wp\/v2\/pages\/34719","targetHints":{"allow":["GET"]}}],"collection":[{"href":"https:\/\/mascassport.com\/index.php?rest_route=\/wp\/v2\/pages"}],"about":[{"href":"https:\/\/mascassport.com\/index.php?rest_route=\/wp\/v2\/types\/page"}],"author":[{"embeddable":true,"href":"https:\/\/mascassport.com\/index.php?rest_route=\/wp\/v2\/users\/1"}],"replies":[{"embeddable":true,"href":"https:\/\/mascassport.com\/index.php?rest_route=%2Fwp%2Fv2%2Fcomments&post=34719"}],"version-history":[{"count":1,"href":"https:\/\/mascassport.com\/index.php?rest_route=\/wp\/v2\/pages\/34719\/revisions"}],"predecessor-version":[{"id":34720,"href":"https:\/\/mascassport.com\/index.php?rest_route=\/wp\/v2\/pages\/34719\/revisions\/34720"}],"wp:attachment":[{"href":"https:\/\/mascassport.com\/index.php?rest_route=%2Fwp%2Fv2%2Fmedia&parent=34719"}],"curies":[{"name":"wp","href":"https:\/\/api.w.org\/{rel}","templated":true}]}}